{"id":78,"date":"2010-10-18T15:56:07","date_gmt":"2010-10-18T13:56:07","guid":{"rendered":"http:\/\/www.tmirahina.com\/?page_id=78"},"modified":"2026-04-10T18:57:47","modified_gmt":"2026-04-10T16:57:47","slug":"about-me","status":"publish","type":"page","link":"http:\/\/www.tmirahina.com\/?page_id=78","title":{"rendered":"Kuka olen \/ About Me"},"content":{"rendered":"<p>Tervehdys, olen Marjaana Lohivirta (os. M\u00e4kel\u00e4) ja toimin el\u00e4intenkouluttajana Uudenmaan alueella. Toimitilani sijaitsee Espoon \u00a0Kalaj\u00e4rvell\u00e4 sek\u00e4 Vihdin Nummelassa. Kurssitoimintaa on ymp\u00e4ri vuoden Espoon toimipisteess\u00e4 l\u00e4mpimiss\u00e4 sis\u00e4tiloissa sek\u00e4\u00a0Koirien Hyvinvointikeskuksessa J\u00e4rvenp\u00e4\u00e4ss\u00e4, jossa k\u00e4yt\u00f6ss\u00e4 on l\u00e4mmin sis\u00e4tila aivan keskustassa. Lis\u00e4ksi satunnaisesti tilauksesta kursseja ymp\u00e4ri Suomen ja ulkomailla.\u00a0<span style=\"color: #ff6600;\">Hello ! I\u2019m Marjaana Lohivirta (nee M\u00e4kel\u00e4) and I work as an animal trainer in southern Finland. I have receptions in Espoo and Vihti. I also have some classes in other locations, like Koirien Hyvinvointikeskus, J\u00e4rvenp\u00e4\u00e4 <\/span> <a href=\"http:\/\/www.tmirahina.com\/wp-content\/uploads\/2020\/01\/received_6841917487430792.jpeg\"><img loading=\"lazy\" decoding=\"async\" class=\"alignnone size-medium wp-image-1032\" src=\"http:\/\/www.tmirahina.com\/wp-content\/uploads\/2020\/01\/received_6841917487430792-298x300.jpeg\" alt=\"\" width=\"298\" height=\"300\" srcset=\"http:\/\/www.tmirahina.com\/wp-content\/uploads\/2020\/01\/received_6841917487430792-298x300.jpeg 298w, http:\/\/www.tmirahina.com\/wp-content\/uploads\/2020\/01\/received_6841917487430792-150x150.jpeg 150w, http:\/\/www.tmirahina.com\/wp-content\/uploads\/2020\/01\/received_6841917487430792-768x773.jpeg 768w, http:\/\/www.tmirahina.com\/wp-content\/uploads\/2020\/01\/received_6841917487430792-1017x1024.jpeg 1017w\" sizes=\"auto, (max-width: 298px) 100vw, 298px\" \/><\/a>El\u00e4intenkouluttajaksi valmistuin vuonna 2012 suorittamalla el\u00e4intenhoitajan ammattitutkinnon (osaamisala el\u00e4intenkouluttaja) koiran ja kissan kouluttajana tehty\u00e4ni t\u00f6it\u00e4 ammatin parissa jo vuodesta 2001.<\/p>\n<p>Sit\u00e4 ennen olin suorittanut ep\u00e4virallisen ruotsinkielisen koiraterapeuttikoulutuksen Naturbruksinstitutenissa (nykyinen Yrkesinstitutet Sydv\u00e4st) vuonna 2000. Lis\u00e4ksi olen opiskellut kotiel\u00e4inten jalostusta ja ruokintaa Helsingin Yliopiston maatalous \u2013 mets\u00e4tieteellisess\u00e4 tiedekunnassa. Olen my\u00f6s suorittanut mm. TOKO \u2013 \u00a0koulutusohjaajakurssin, koiratanssin koulutusohjaajakurssin, Nose Work-kouluttaja 1 ja 2-koulutukset, koetoimitsija- ja koiratanssin koetoimitsijakurssin ja Tellington Touch \u2013 kurssin ja olen valmistunut koiratanssin ylituomariksi. Lis\u00e4ksi olen k\u00e4ynyt Stadin Ammattiopiston j\u00e4rjest\u00e4m\u00e4n ty\u00f6paikkakouluttajan-ohjaajan koulutuksen sek\u00e4 osallistun s\u00e4\u00e4nn\u00f6llisesti mentorikoulutuksiin. NLP Practitioner-koulutuksen olen suorittanut vuosina 2015-2017.\u00a0\u00a0<span style=\"color: #ff6600;\">I graduated as an animal trainer in 2012 (dogs and cats). I also studied behavioral therapy in years 1999-2000. I have also studied animal breeding and animal nutrition at Helsinki University. I\u2019m an obedience and musical dog sports instructor, Nose Work instructor and have studied Tellington Touch and I am a dog dancing judge. I have also completed studies to act as a work place instructor and attend mentor workshops regularly.<\/span>\u00a0<span style=\"color: #ff6600;\">NLP Practitioner training I participated in 2015-2017.<\/span> \u00a0Tietoa tarvitaan koko ajan lis\u00e4\u00e4, niinp\u00e4 kurssitan itse\u00e4ni jatkuvasti. Vuoden\u00a0 2004 kev\u00e4\u00e4ll\u00e4 osallistuin Belgian Bruggessa kolmip\u00e4iv\u00e4iseen koiraseminaariin, jossa luennoitsijoina olivat mm. Suzanne Clothier, Sue Sternberg, Jan Fennell, Patricia McConnell ja Kay Laurence. Kev\u00e4\u00e4ll\u00e4 2006 Belgian seminaari j\u00e4rjestettiin Edegemiss\u00e4 ja luennoitsijoina mm. Sue Sternberg, Steve White, Gwen Bailey ja Geert De Bolster. <a href=\"http:\/\/www.tmirahina.com\/wp-content\/uploads\/2010\/10\/about-3.png\"><img loading=\"lazy\" decoding=\"async\" class=\"alignleft size-full wp-image-114\" style=\"border: 0pt none; margin: 5px;\" title=\"about-3\" src=\"http:\/\/www.tmirahina.com\/wp-content\/uploads\/2010\/10\/about-3.png\" alt=\"\" width=\"198\" height=\"147\" \/><\/a>2008 seminaaripaikkana oli Gent ja luennoitsijoita mm. Ray Coppinger, Stanley Coren ja Allan Bauman. <span style=\"color: #ff6600;\">One has never enough knowledge so I try to educate myself all the time. I make regular visits to Belgium where Friendly With Dogs organizes quality seminars like year 2004 in Brugge with Suzanne Clothier, Sue Sternberg, Jan Fennell, Patricia McConnell and Kay Laurence etc. Spring 2006 in Edegem with Sue Sternberg, Steve White, Gwen Bailey and <\/span><span style=\"color: #ff6600;\">Geert De Bolster etc.<\/span><\/p>\n<p><!-- p { margin-bottom: 0.21cm; } --><span style=\"color: #ff6600;\">2008 seminar was in Gent with Ray Coppinger, Atanley Coren and Allan Bauman etc.<\/span> Seminaarien lis\u00e4ksi Belgiassa j\u00e4rjestet\u00e4\u00e4n laadukkaita workshopeja, joista olen osallistunut : <span style=\"color: #ff6600;\">In addition to seminars, there\u00a0are\u00a0excellent workshops in Belgium :<\/span> 2005 Suzanne Clothier 2007 Sue Sterneberg 2009 Sue Sternberg Muita ulkomaan opintoreissuja :\u00a0 <span style=\"color: #ff6600;\">Other foreign trips :<\/span> 2004 Morgan Spector \u2013 naksuseminaari Oslossa \/ <span style=\"color: #ff6600;\">clicker training<\/span> 2005 Kay Laurencen Learning About Dogs \u2013 seminaari + TAG teaching ( Englanti \/ UK ) 2007 Bob Bailey ja Kathy Sdao Tukholmassa \/ <span style=\"color: #ff6600;\">Stockholm<\/span> Suomessa : <span style=\"color: #ff6600;\">In Finland:<\/span> 2005 Richard Curtis \u2013 koiratanssia \/ <span style=\"color: #ff6600;\">freestyle<\/span> 2006 Attila Szkukalek \u2013 koiratanssia \/ <span style=\"color: #ff6600;\">freestyle<\/span> 2006 Carolyn Scott \u2013 koiratanssia \/ <span style=\"color: #ff6600;\">freestyle<\/span> 2010 Kath Hardman &amp; Karen Sykes \u2013 koiratanssia \/ <span style=\"color: #ff6600;\">freestyle, HTM<\/span> <span style=\"color: #000000;\">2012 Attila Szkukalek &#8211; koiratanssia \/ <span style=\"color: #ff6600;\">freestyle and HTM<\/span><\/span> <span style=\"color: #000000;\">2012 Lesley Neville &amp; Jackie de Jong &#8211; koiratanssia \/ <span style=\"color: #ff6600;\">freestyle and HTM<\/span><\/span> 2015 \u00a0Esther Niemeijer &#8211; koiratanssia \/\u00a0<span style=\"color: #808000;\"><span style=\"color: #ff6600;\">freestyle<\/span> <span style=\"color: #ff6600;\">and<\/span> <span style=\"color: #ff6600;\">HTM<\/span>\u00a0<\/span> 2016 Richard Curtis \u00a0-koiratanssia \/\u00a0<span style=\"color: #808000;\"><span style=\"color: #ff6600;\">freestyle<\/span> <span style=\"color: #ff6600;\">and HTM<\/span>\u00a0<\/span> ja lukuisia luentoja ja workshopeja Suomessa, kuten: <span style=\"color: #ff6600;\">and lots of lectures and workshops in Finland, for example:<\/span> <span style=\"color: #ff6600;\"><span style=\"color: #000000;\">4.-5.11. 2010 Tuire Kaimio &#8211; kissojen k\u00e4ytt\u00e4ytymisest\u00e4<\/span> \/ about cat behaviour +\u00a0<span style=\"color: #000000;\">Steve White : Thousand Hour Eyes \/ reading canine body language<\/span><\/span> <span style=\"color: #ff6600;\"><span style=\"color: #000000;\"><span style=\"color: #000000;\">3.-4.11.2011\u00a0 Malin Ekblom: Ruokinta &#8211; enemm\u00e4n kuin ravintoa \/ <\/span><span style=\"color: #ff6600;\">food &#8211; more than just nourishment+<\/span><span style=\"color: #ff6600;\">\u00a0<\/span><\/span><\/span><span style=\"color: #000000;\">Sophia Yin: Inter dog affression, Fear aggression, Feline elimination problems, Kitty Kindergarten, Aggression in cats, Solving cat behavioral problems<\/span> <span style=\"color: #000000;\">27.8.2012 Tuulia Burgherr: El\u00e4inten k\u00e4ytt\u00e4ytyminen ja hormonit \/ <span style=\"color: #ff6600;\">Animal behaviour and hormones<\/span><\/span> 28.9.2013 Hevosilo\/ Aino Koivukunnas &amp; Simo Routarinne: Improa hevosen kanssa \/ <span style=\"color: #ff6600;\">improvisation + body language + horses<\/span> 2014, 2015, 2016, 2017 ,2018, 2019,2020, 2021\u00a0 ja 2022 Suomen El\u00e4intenkouluttajat ry:n Tietonyytt\u00e4rit 21.3.2015 Jirka Vierimaa: Liikkeest\u00e4 liikkeeseen\/<span style=\"color: #ff6600;\">motivation and moves<\/span> 12-13.9.2015 Esther Niemeijer &#8211; koiratanssia\/<span style=\"color: #ff6600;\">musical dogsport workshop\u00a0<\/span> 11.12.2015 Helena Telk\u00e4nranta: Millaista on olla el\u00e4in &#8211; luentop\u00e4iv\u00e4 12.3.2016 NoseWork &#8211; kouluttajakoulutus, NoseWork Finland 2016 Ty\u00f6paikkaohjaaja- ja ty\u00f6paikkakouluttajakoulutus \/Stadin Ammattiopisto 2015-2016 Mentorikoulutus 21.-22.5.2016 Koiratanssin koulutusohjaajakoulutus \/ Palveluskoiraliitto. NLP Practitioner 2015-2017, 26-28.1.2018 Anna Larssonin koiratanssikoulutus Liedossa\u00a0 \/ <span style=\"color: #ff9900;\">Anna Larsson&#8217;s musical dog sport workshop\u00a0 <span style=\"color: #000000;\">13.2.2018 El\u00e4inten hyvinvointiseminaari\/Amiedu, Tuulia Appleby,\u00a0<\/span><span style=\"color: #000000;\">\u00a024-25.3.2018 NoseWork-kouluttaja 2-kurssi Jyv\u00e4skyl\u00e4ss\u00e4 \/\u00a0<span style=\"color: #ff9900;\">NoseWork Instructor 2.<\/span><\/span>\u00a0<\/span>Koetoimitsija+koiratanssin koetoimitsija vuonna 2018. 24.11.2018 Jari Kantoluoto: Koiran mielentila koulutuksessa-seminaarin kuuntelupaikalla\/ <span style=\"color: #ff9900;\">Dog&#8217;s mental state in training<\/span>. Ylituomari 1 2019, Palveluskoiraliitto, 29-31.3.2019 Jari Kantoluodon luento ja k\u00e4yt\u00e4nn\u00f6n koulutus koirakkopaikalla, 29.9.19 Leena Inkil\u00e4n koulutus, 5-6.10.19 Koiratanssin koulutusohjaajien jatkokurssi \/ <span style=\"color: #ff9900;\">Dog dancing instructor training.<\/span><\/p>\n<p>Jari Kantoluodon koulutus, Raisio 11.1.2020\/\u00a0<span style=\"color: #ff9900;\">practical training with Jari Kantoluoto<\/span><\/p>\n<p>Koiratanssin s\u00e4\u00e4nt\u00f6koulutus 12.1.2020 \/\u00a0<span style=\"color: #ff9900;\">New rules of dog dancing<\/span><\/p>\n<p>Koiratanssin tuomarikoulutus 2020 \/\u00a0<span style=\"color: #ff9900;\">training to be dog dancing judge 2020\u00a0<\/span><\/p>\n<p>SPKL:n eettinen koulutus, kev\u00e4t 2022\/\u00a0<span style=\"color: #ff9900;\">Finnish working dog association: ethical training 2022<\/span><\/p>\n<p>8.11.22 Parempaa palautetta-luento, Taitotalo \/<span style=\"color: #ff6600;\">Better feedback<\/span><\/p>\n<p>12.12.22 Katriina Tiira, luento: Mit\u00e4 SmartDog-testit kertovat \/W<span style=\"color: #ff6600;\">hat do SmartDog tests tell<\/span><\/p>\n<p>Jari Kantoluodon koulutus, Vantaa 17.12.2022\/ P<span style=\"color: #ff6600;\">ractical training with Jari Kantoluoto<\/span><\/p>\n<p>Koiratanssin ylituomarioikeudet 16.1.2023 \/\u00a0<span style=\"color: #ff6600;\">Dog dancing judge<\/span><\/p>\n<p>Lis\u00e4ksi tietysti luen alan lehti\u00e4 ja kirjallisuutta l\u00e4hes p\u00e4ivitt\u00e4in. Koirakirjastooni kuuluukin jo lukuisa m\u00e4\u00e4r\u00e4 kirjoja alan perusopuksista ammattikirjallisuuteen. <span style=\"color: #ff6600;\">I also read a lot of dog literature and papers almost every day. My dog library has a wide variety of dog books from basic literature to professional.<\/span> Yritykseni Tmi R\u00e4hin\u00e4n perustin vuonna 2001 ja samaan aikaan k\u00e4vin yritt\u00e4j\u00e4n ammattitutkintoon t\u00e4ht\u00e4\u00e4v\u00e4n koulutuksen. 2010 suoritin Yritt\u00e4j\u00e4n Erikoisammattitutkinnon tuotekehityksen tiimoilta. T\u00e4ll\u00e4 hetkell\u00e4 toimin Suomen Palveluskoiraliiton koiratanssitoimikunnassa ja olen ollut koiratanssin edustusjoukkueen joukkueenjohtajana sek\u00e4 PM- ett\u00e4 MM- kisoissa. Vuonna 2025 osallistuin Suomessa j\u00e4rjestett\u00e4vien MM-kisojen j\u00e4rjestelyihin joukkueenjohtajapestin lis\u00e4ksi. Minulla on kennelnimi Pihkakorven ja olen toistaiseksi kasvattanut yhden labradoripentueen vuonna 1991. Vuonna 2012 suoritin El\u00e4intenhoitajan ammattitutkinnon osaamisalana el\u00e4inten koulutus ja sain sen my\u00f6t\u00e4 my\u00f6s Suomen el\u00e4intenkouluttajat ry:n j\u00e4senyyden. Osallistun aktiivisesti yhdistyksen toimintaan. 2014- 2016 sek\u00e4 2020-2022 toimin mentorina tulevalle el\u00e4intenkouluttajalle ja yrityksess\u00e4ni on harjoittelupaikkoja el\u00e4intenkoulutusta opiskeleville. <span style=\"color: #ff6600;\">My business Tmi R\u00e4hin\u00e4 I started year 2001.\u00a0 I have a breeding kennel called Pihkakorven and so far have raised one Labrador litter in <\/span><span style=\"color: #ff6600;\">1991. Year 2012 I graduated as an animal trainer and was accepted to be a member of Suomen el\u00e4intenkouluttajat ry (animal trainers of Finland). I take part in activities of our association and 2014-2016 and 2020-2022 I \u00a0acted as a mentor to a future animal trainer. I take animal training trainees to do practice work.<\/span> Perheeseeni kuuluu aviomies Osmo eli Ossi ja koirat. <span style=\"color: #ff6600;\">My family consist of my husband Osmo aka Ossi and the dogs.<\/span> <a href=\"http:\/\/www.tmirahina.com\/wp-content\/uploads\/2010\/10\/DSC07653.jpg\"><img loading=\"lazy\" decoding=\"async\" class=\"alignnone size-medium wp-image-507\" title=\"DSC07653\" src=\"http:\/\/www.tmirahina.com\/wp-content\/uploads\/2010\/10\/DSC07653-300x225.jpg\" alt=\"\" width=\"300\" height=\"225\" srcset=\"http:\/\/www.tmirahina.com\/wp-content\/uploads\/2010\/10\/DSC07653-300x225.jpg 300w, http:\/\/www.tmirahina.com\/wp-content\/uploads\/2010\/10\/DSC07653-1024x768.jpg 1024w\" sizes=\"auto, (max-width: 300px) 100vw, 300px\" \/><\/a><\/p>\n<p><!-- p { margin-bottom: 0.21cm; } -->Ongelmakoirakonsultoinnin ja koirakurssien lis\u00e4ksi pid\u00e4n erilaisia luentoja koirakerhoille ja yhdistyksille. Vuosina \u00a02002 &#8211; 2012 opetin\u00a0 Kannuksen Maaseutuakatemian kennellinjalla kollegan ja yst\u00e4v\u00e4n Kirsi Liikasen kanssa. Hiiden Opistossa Nummelassa olen opettanut Koirien k\u00e4ytt\u00e4ytyminen ja kouluttaminen \u2013 luentosarjaa vuodesta 2002 ja kahtena vuonna per\u00e4kk\u00e4in on pidetty my\u00f6s jatkokurssi aiheesta. Vuonna 2005 aloitin uusien 4H \u2013 dogsittereiden koulutuksen Vihdiss\u00e4. Vuosittain Vihdiss\u00e4 valmistuu 3-8 dogsitteri\u00e4. Vuonna 2013 olen kouluttanut ensimm\u00e4iset Vihdin 4H-yhdistyksen catsitterit eli kissanhoitajat. <span style=\"color: #ff6600;\">In addition to problem dog consulting I give speeches and lectures to dog clubs and schools. Years 2002 &#8211; 2012 \u00a0I educated \u00a0future dog behaviour therapists at Kannus Agricultural School with my colleague and friend Kirsi Liikanen. I started to teach 4H dogsitters 2005, still doing it. In 2013 I also started training 4H catsitters.<\/span> Koiraharrastuksista ykk\u00f6sen\u00e4 minulla on koiratanssi (freestyle ja HTM), jossa olen kilpaillut nelj\u00e4n bouvierin ja saksanpaimenkoiran kanssa. Muihin harrastuksiini kuuluu luonnossa vaeltaminen Ossin ja koirien kanssa, k\u00e4sity\u00f6t, ranskan opiskelu, taiji, kummitytt\u00f6jen kanssa hengailu, huristelu matkailuautolla\u00a0\u00a0ja Alexandran (maailman\u00a0loistavimman artistin) keikoilla k\u00e4yminen. Alexandran kautta tutustuin my\u00f6s kitaristi Richard Haueriin, jolle kuuluu suuri kiitos kotisivujeni valmistumisesta ! <span style=\"color: #ff6600;\">I do mostly musical dogsports (Freestyle and HTM) with my dogs and have competed with four Bouviers and the GSD. My other hobbies are hiking in the nature with Ossi and the dogs, knitting and other handiwork, learning French, taiji, hanging with my goddaughters, travelling with the camper and going to see Alexandra (the most radiant singer on the planet) on gigs. Huge thanks to guitarist Richard Hauer for creating this web page for me !<\/span> <a href=\"http:\/\/www.tmirahina.com\/wp-content\/uploads\/2010\/10\/about-6.png\"><img loading=\"lazy\" decoding=\"async\" class=\"alignleft size-full wp-image-117\" style=\"border: 0pt none; margin: 5px;\" title=\"about-6\" src=\"http:\/\/www.tmirahina.com\/wp-content\/uploads\/2010\/10\/about-6.png\" alt=\"\" width=\"285\" height=\"211\" \/><\/a><a href=\"http:\/\/www.tmirahina.com\/wp-content\/uploads\/2010\/10\/about-7.png\"><img loading=\"lazy\" decoding=\"async\" class=\"alignnone size-full wp-image-118\" style=\"border: 0pt none; margin: 5px;\" title=\"about-7\" src=\"http:\/\/www.tmirahina.com\/wp-content\/uploads\/2010\/10\/about-7.png\" alt=\"\" width=\"288\" height=\"216\" \/><\/a><\/p>\n","protected":false},"excerpt":{"rendered":"<p>Tervehdys, olen Marjaana Lohivirta (os. M\u00e4kel\u00e4) ja toimin el\u00e4intenkouluttajana Uudenmaan alueella. Toimitilani sijaitsee Espoon \u00a0Kalaj\u00e4rvell\u00e4 sek\u00e4 Vihdin Nummelassa. Kurssitoimintaa on ymp\u00e4ri vuoden Espoon toimipisteess\u00e4 l\u00e4mpimiss\u00e4 sis\u00e4tiloissa sek\u00e4\u00a0Koirien Hyvinvointikeskuksessa J\u00e4rvenp\u00e4\u00e4ss\u00e4, jossa k\u00e4yt\u00f6ss\u00e4 on l\u00e4mmin sis\u00e4tila aivan keskustassa. Lis\u00e4ksi satunnaisesti tilauksesta kursseja ymp\u00e4ri Suomen ja ulkomailla.\u00a0Hello ! I\u2019m Marjaana Lohivirta (nee M\u00e4kel\u00e4) and I work as an [&hellip;]<\/p>\n","protected":false},"author":1,"featured_media":0,"parent":0,"menu_order":3,"comment_status":"closed","ping_status":"closed","template":"","meta":{"footnotes":""},"class_list":["post-78","page","type-page","status-publish","hentry"],"_links":{"self":[{"href":"http:\/\/www.tmirahina.com\/index.php?rest_route=\/wp\/v2\/pages\/78","targetHints":{"allow":["GET"]}}],"collection":[{"href":"http:\/\/www.tmirahina.com\/index.php?rest_route=\/wp\/v2\/pages"}],"about":[{"href":"http:\/\/www.tmirahina.com\/index.php?rest_route=\/wp\/v2\/types\/page"}],"author":[{"embeddable":true,"href":"http:\/\/www.tmirahina.com\/index.php?rest_route=\/wp\/v2\/users\/1"}],"replies":[{"embeddable":true,"href":"http:\/\/www.tmirahina.com\/index.php?rest_route=%2Fwp%2Fv2%2Fcomments&post=78"}],"version-history":[{"count":89,"href":"http:\/\/www.tmirahina.com\/index.php?rest_route=\/wp\/v2\/pages\/78\/revisions"}],"predecessor-version":[{"id":567,"href":"http:\/\/www.tmirahina.com\/index.php?rest_route=\/wp\/v2\/pages\/78\/revisions\/567"}],"wp:attachment":[{"href":"http:\/\/www.tmirahina.com\/index.php?rest_route=%2Fwp%2Fv2%2Fmedia&parent=78"}],"curies":[{"name":"wp","href":"https:\/\/api.w.org\/{rel}","templated":true}]}}